{"id":207,"date":"2024-02-28T10:20:43","date_gmt":"2024-02-28T09:20:43","guid":{"rendered":"https:\/\/athletictigersostschweiz.wordpress.com\/?page_id=207"},"modified":"2024-11-12T12:25:37","modified_gmt":"2024-11-12T12:25:37","slug":"hauptsponsor-sponsoren","status":"publish","type":"page","link":"https:\/\/athletic-tigers.ch\/?page_id=207","title":{"rendered":"Hauptsponsor \/ Sponsoren"},"content":{"rendered":"\n<figure class=\"wp-block-image size-full\"><img decoding=\"async\" width=\"300\" height=\"130\" src=\"https:\/\/athletic-tigers.ch\/wp-content\/uploads\/2024\/03\/image-6.png\" alt=\"\" class=\"wp-image-295\"\/><\/figure>\n\n\n\n<p><a href=\"http:\/\/akademie.ch\">akademie.ch<\/a> <br>Akademie St. Gallen &#8211; deine erste Wahl f\u00fcr die Weiterbildung in der Ostschweiz! <br><br><\/p>\n\n\n\n<figure class=\"wp-block-image size-full is-resized\"><img decoding=\"async\" width=\"148\" height=\"150\" src=\"https:\/\/athletic-tigers.ch\/wp-content\/uploads\/2024\/11\/image.png\" alt=\"\" class=\"wp-image-550\" style=\"width:245px;height:auto\" srcset=\"https:\/\/athletic-tigers.ch\/wp-content\/uploads\/2024\/11\/image.png 148w, https:\/\/athletic-tigers.ch\/wp-content\/uploads\/2024\/11\/image-75x75.png 75w\" sizes=\"(max-width: 148px) 100vw, 148px\" \/><\/figure>\n\n\n\n<p><a href=\"http:\/\/www.trampolinpark.ch\">trampolinpark.ch<\/a><br>Trampolinpark &#8211; h\u00fcpfen vor Freude, auspowern  und Gl\u00fcckshormone sammeln! Macht nicht nur extrem Spass, sondern ist auch ein tigerstarkes Training \ud83d\ude09<br><br><strong>weitere Sponsoren: <\/strong><br>Wir verf\u00fcgen noch \u00fcber weitere Sponsoren, G\u00f6nner und Einzel-Unterst\u00fctzer, welche nicht namentlich genannt werden m\u00f6chten. <\/p>\n","protected":false},"excerpt":{"rendered":"<p>akademie.ch Akademie St. Gallen &#8211; deine erste Wahl f\u00fcr die Weiterbildung in der Ostschweiz! trampolinpark.chTrampolinpark &#8211; h\u00fcpfen vor Freude, auspowern und Gl\u00fcckshormone sammeln! Macht nicht nur extrem Spass, sondern ist auch ein tigerstarkes Training \ud83d\ude09 weitere Sponsoren: Wir verf\u00fcgen noch \u00fcber weitere Sponsoren, G\u00f6nner und Einzel-Unterst\u00fctzer, welche nicht namentlich genannt werden m\u00f6chten.<\/p>\n","protected":false},"author":1,"featured_media":0,"parent":0,"menu_order":0,"comment_status":"closed","ping_status":"closed","template":"","meta":{"footnotes":""},"class_list":["post-207","page","type-page","status-publish","hentry","no-featured-image"],"yoast_head":"<!-- This site is optimized with the Yoast SEO plugin v22.7 - https:\/\/yoast.com\/wordpress\/plugins\/seo\/ -->\n<title>Hauptsponsor \/ Sponsoren - Athletic Tigers Ostschweiz<\/title>\n<meta name=\"robots\" content=\"index, follow, max-snippet:-1, max-image-preview:large, max-video-preview:-1\" \/>\n<link rel=\"canonical\" href=\"https:\/\/athletic-tigers.ch\/?page_id=207\" \/>\n<meta property=\"og:locale\" content=\"de_DE\" \/>\n<meta property=\"og:type\" content=\"article\" \/>\n<meta property=\"og:title\" content=\"Hauptsponsor \/ Sponsoren - Athletic Tigers Ostschweiz\" \/>\n<meta property=\"og:description\" content=\"akademie.ch Akademie St. Gallen &#8211; deine erste Wahl f\u00fcr die Weiterbildung in der Ostschweiz! trampolinpark.chTrampolinpark &#8211; h\u00fcpfen vor Freude, auspowern und Gl\u00fcckshormone sammeln! Macht nicht nur extrem Spass, sondern ist auch ein tigerstarkes Training \ud83d\ude09 weitere Sponsoren: Wir verf\u00fcgen noch \u00fcber weitere Sponsoren, G\u00f6nner und Einzel-Unterst\u00fctzer, welche nicht namentlich genannt werden m\u00f6chten.\" \/>\n<meta property=\"og:url\" content=\"https:\/\/athletic-tigers.ch\/?page_id=207\" \/>\n<meta property=\"og:site_name\" content=\"Athletic Tigers Ostschweiz\" \/>\n<meta property=\"article:modified_time\" content=\"2024-11-12T12:25:37+00:00\" \/>\n<meta property=\"og:image\" content=\"https:\/\/athletic-tigers.ch\/wp-content\/uploads\/2024\/03\/image-6.png\" \/>\n<meta name=\"twitter:card\" content=\"summary_large_image\" \/>\n<meta name=\"twitter:label1\" content=\"Gesch\u00e4tzte Lesezeit\" \/>\n\t<meta name=\"twitter:data1\" content=\"1\u00a0Minute\" \/>\n<script type=\"application\/ld+json\" class=\"yoast-schema-graph\">{\"@context\":\"https:\/\/schema.org\",\"@graph\":[{\"@type\":\"WebPage\",\"@id\":\"https:\/\/athletic-tigers.ch\/?page_id=207\",\"url\":\"https:\/\/athletic-tigers.ch\/?page_id=207\",\"name\":\"Hauptsponsor \/ Sponsoren - Athletic Tigers Ostschweiz\",\"isPartOf\":{\"@id\":\"https:\/\/athletic-tigers.ch\/#website\"},\"primaryImageOfPage\":{\"@id\":\"https:\/\/athletic-tigers.ch\/?page_id=207#primaryimage\"},\"image\":{\"@id\":\"https:\/\/athletic-tigers.ch\/?page_id=207#primaryimage\"},\"thumbnailUrl\":\"https:\/\/athletic-tigers.ch\/wp-content\/uploads\/2024\/03\/image-6.png\",\"datePublished\":\"2024-02-28T09:20:43+00:00\",\"dateModified\":\"2024-11-12T12:25:37+00:00\",\"breadcrumb\":{\"@id\":\"https:\/\/athletic-tigers.ch\/?page_id=207#breadcrumb\"},\"inLanguage\":\"de\",\"potentialAction\":[{\"@type\":\"ReadAction\",\"target\":[\"https:\/\/athletic-tigers.ch\/?page_id=207\"]}]},{\"@type\":\"ImageObject\",\"inLanguage\":\"de\",\"@id\":\"https:\/\/athletic-tigers.ch\/?page_id=207#primaryimage\",\"url\":\"https:\/\/athletic-tigers.ch\/wp-content\/uploads\/2024\/03\/image-6.png\",\"contentUrl\":\"https:\/\/athletic-tigers.ch\/wp-content\/uploads\/2024\/03\/image-6.png\",\"width\":300,\"height\":130},{\"@type\":\"BreadcrumbList\",\"@id\":\"https:\/\/athletic-tigers.ch\/?page_id=207#breadcrumb\",\"itemListElement\":[{\"@type\":\"ListItem\",\"position\":1,\"name\":\"Startseite\",\"item\":\"https:\/\/athletic-tigers.ch\/\"},{\"@type\":\"ListItem\",\"position\":2,\"name\":\"Hauptsponsor \/ Sponsoren\"}]},{\"@type\":\"WebSite\",\"@id\":\"https:\/\/athletic-tigers.ch\/#website\",\"url\":\"https:\/\/athletic-tigers.ch\/\",\"name\":\"Athletic Tigers Ostschweiz\",\"description\":\"\",\"potentialAction\":[{\"@type\":\"SearchAction\",\"target\":{\"@type\":\"EntryPoint\",\"urlTemplate\":\"https:\/\/athletic-tigers.ch\/?s={search_term_string}\"},\"query-input\":\"required name=search_term_string\"}],\"inLanguage\":\"de\"}]}<\/script>\n<!-- \/ Yoast SEO plugin. -->","yoast_head_json":{"title":"Hauptsponsor \/ Sponsoren - Athletic Tigers Ostschweiz","robots":{"index":"index","follow":"follow","max-snippet":"max-snippet:-1","max-image-preview":"max-image-preview:large","max-video-preview":"max-video-preview:-1"},"canonical":"https:\/\/athletic-tigers.ch\/?page_id=207","og_locale":"de_DE","og_type":"article","og_title":"Hauptsponsor \/ Sponsoren - Athletic Tigers Ostschweiz","og_description":"akademie.ch Akademie St. Gallen &#8211; deine erste Wahl f\u00fcr die Weiterbildung in der Ostschweiz! trampolinpark.chTrampolinpark &#8211; h\u00fcpfen vor Freude, auspowern und Gl\u00fcckshormone sammeln! Macht nicht nur extrem Spass, sondern ist auch ein tigerstarkes Training \ud83d\ude09 weitere Sponsoren: Wir verf\u00fcgen noch \u00fcber weitere Sponsoren, G\u00f6nner und Einzel-Unterst\u00fctzer, welche nicht namentlich genannt werden m\u00f6chten.","og_url":"https:\/\/athletic-tigers.ch\/?page_id=207","og_site_name":"Athletic Tigers Ostschweiz","article_modified_time":"2024-11-12T12:25:37+00:00","og_image":[{"url":"https:\/\/athletic-tigers.ch\/wp-content\/uploads\/2024\/03\/image-6.png"}],"twitter_card":"summary_large_image","twitter_misc":{"Gesch\u00e4tzte Lesezeit":"1\u00a0Minute"},"schema":{"@context":"https:\/\/schema.org","@graph":[{"@type":"WebPage","@id":"https:\/\/athletic-tigers.ch\/?page_id=207","url":"https:\/\/athletic-tigers.ch\/?page_id=207","name":"Hauptsponsor \/ Sponsoren - Athletic Tigers Ostschweiz","isPartOf":{"@id":"https:\/\/athletic-tigers.ch\/#website"},"primaryImageOfPage":{"@id":"https:\/\/athletic-tigers.ch\/?page_id=207#primaryimage"},"image":{"@id":"https:\/\/athletic-tigers.ch\/?page_id=207#primaryimage"},"thumbnailUrl":"https:\/\/athletic-tigers.ch\/wp-content\/uploads\/2024\/03\/image-6.png","datePublished":"2024-02-28T09:20:43+00:00","dateModified":"2024-11-12T12:25:37+00:00","breadcrumb":{"@id":"https:\/\/athletic-tigers.ch\/?page_id=207#breadcrumb"},"inLanguage":"de","potentialAction":[{"@type":"ReadAction","target":["https:\/\/athletic-tigers.ch\/?page_id=207"]}]},{"@type":"ImageObject","inLanguage":"de","@id":"https:\/\/athletic-tigers.ch\/?page_id=207#primaryimage","url":"https:\/\/athletic-tigers.ch\/wp-content\/uploads\/2024\/03\/image-6.png","contentUrl":"https:\/\/athletic-tigers.ch\/wp-content\/uploads\/2024\/03\/image-6.png","width":300,"height":130},{"@type":"BreadcrumbList","@id":"https:\/\/athletic-tigers.ch\/?page_id=207#breadcrumb","itemListElement":[{"@type":"ListItem","position":1,"name":"Startseite","item":"https:\/\/athletic-tigers.ch\/"},{"@type":"ListItem","position":2,"name":"Hauptsponsor \/ Sponsoren"}]},{"@type":"WebSite","@id":"https:\/\/athletic-tigers.ch\/#website","url":"https:\/\/athletic-tigers.ch\/","name":"Athletic Tigers Ostschweiz","description":"","potentialAction":[{"@type":"SearchAction","target":{"@type":"EntryPoint","urlTemplate":"https:\/\/athletic-tigers.ch\/?s={search_term_string}"},"query-input":"required name=search_term_string"}],"inLanguage":"de"}]}},"_links":{"self":[{"href":"https:\/\/athletic-tigers.ch\/index.php?rest_route=\/wp\/v2\/pages\/207","targetHints":{"allow":["GET"]}}],"collection":[{"href":"https:\/\/athletic-tigers.ch\/index.php?rest_route=\/wp\/v2\/pages"}],"about":[{"href":"https:\/\/athletic-tigers.ch\/index.php?rest_route=\/wp\/v2\/types\/page"}],"author":[{"embeddable":true,"href":"https:\/\/athletic-tigers.ch\/index.php?rest_route=\/wp\/v2\/users\/1"}],"replies":[{"embeddable":true,"href":"https:\/\/athletic-tigers.ch\/index.php?rest_route=%2Fwp%2Fv2%2Fcomments&post=207"}],"version-history":[{"count":4,"href":"https:\/\/athletic-tigers.ch\/index.php?rest_route=\/wp\/v2\/pages\/207\/revisions"}],"predecessor-version":[{"id":556,"href":"https:\/\/athletic-tigers.ch\/index.php?rest_route=\/wp\/v2\/pages\/207\/revisions\/556"}],"wp:attachment":[{"href":"https:\/\/athletic-tigers.ch\/index.php?rest_route=%2Fwp%2Fv2%2Fmedia&parent=207"}],"curies":[{"name":"wp","href":"https:\/\/api.w.org\/{rel}","templated":true}]}}