{"id":235,"date":"2024-03-04T22:55:08","date_gmt":"2024-03-04T21:55:08","guid":{"rendered":"https:\/\/athletictigersostschweiz.wordpress.com\/?page_id=235"},"modified":"2025-02-09T16:19:51","modified_gmt":"2025-02-09T16:19:51","slug":"trainingslager","status":"publish","type":"page","link":"https:\/\/athletic-tigers.ch\/?page_id=235","title":{"rendered":"Trainingslager"},"content":{"rendered":"\n<p>Unsere letzten Trainingstage (-Lager) fanden in den Sommerferien 2023 in den Kantonen Thurgau und St. Gallen statt. Wir verbrachten eine super Woche mit viel Sport und Spass, aber auch Ausfl\u00fcge in die k\u00fchlende Badi oder in den Indoor-Kletterpark standen auf dem Programm. Herzlichen Dank an allen Sponsoren und G\u00f6nnern, die uns diese tollen Tage erm\u00f6glicht haben. Wir hoffen nat\u00fcrlich (und freuen uns&#8230;), schon bald wieder ein \u00e4hnliches Ferienprogramm auf die Beine stellen zu k\u00f6nnen. In unseren Trainingslagern heissen wir jeweils auch G\u00e4ste und Nichtmitglieder willkommen. Falls du Interesse hast, an einem n\u00e4chsten Lager dabei zu dein, dann melde dich unter <a href=\"mailto:athletic.tigers@gmx.ch\">athletic.tigers@gmx.ch<\/a> und wir werden dich \u00fcber die n\u00e4chste Durchf\u00fchrung informieren.<\/p>\n\n\n\n<figure class=\"wp-block-image size-full\"><img fetchpriority=\"high\" decoding=\"async\" width=\"626\" height=\"622\" src=\"https:\/\/athletic-tigers.ch\/wp-content\/uploads\/2024\/03\/image-7.png\" alt=\"\" class=\"wp-image-308\" srcset=\"https:\/\/athletic-tigers.ch\/wp-content\/uploads\/2024\/03\/image-7.png 626w, https:\/\/athletic-tigers.ch\/wp-content\/uploads\/2024\/03\/image-7-300x298.png 300w, https:\/\/athletic-tigers.ch\/wp-content\/uploads\/2024\/03\/image-7-150x150.png 150w, https:\/\/athletic-tigers.ch\/wp-content\/uploads\/2024\/03\/image-7-75x75.png 75w\" sizes=\"(max-width: 626px) 100vw, 626px\" \/><\/figure>\n","protected":false},"excerpt":{"rendered":"<p>Unsere letzten Trainingstage (-Lager) fanden in den Sommerferien 2023 in den Kantonen Thurgau und St. Gallen statt. Wir verbrachten eine super Woche mit viel Sport und Spass, aber auch Ausfl\u00fcge in die k\u00fchlende Badi oder in den Indoor-Kletterpark standen auf dem Programm. Herzlichen Dank an allen Sponsoren und G\u00f6nnern, die uns diese tollen Tage erm\u00f6glicht &hellip; <a href=\"https:\/\/athletic-tigers.ch\/?page_id=235\" class=\"more-link\"><span class=\"screen-reader-text\">Trainingslager<\/span> weiterlesen<\/a><\/p>\n","protected":false},"author":1,"featured_media":0,"parent":0,"menu_order":0,"comment_status":"closed","ping_status":"closed","template":"","meta":{"footnotes":""},"class_list":["post-235","page","type-page","status-publish","hentry","no-featured-image"],"yoast_head":"<!-- This site is optimized with the Yoast SEO plugin v22.7 - https:\/\/yoast.com\/wordpress\/plugins\/seo\/ -->\n<title>Trainingslager - Athletic Tigers Ostschweiz<\/title>\n<meta name=\"robots\" content=\"index, follow, max-snippet:-1, max-image-preview:large, max-video-preview:-1\" \/>\n<link rel=\"canonical\" href=\"https:\/\/athletic-tigers.ch\/?page_id=235\" \/>\n<meta property=\"og:locale\" content=\"de_DE\" \/>\n<meta property=\"og:type\" content=\"article\" \/>\n<meta property=\"og:title\" content=\"Trainingslager - Athletic Tigers Ostschweiz\" \/>\n<meta property=\"og:description\" content=\"Unsere letzten Trainingstage (-Lager) fanden in den Sommerferien 2023 in den Kantonen Thurgau und St. Gallen statt. Wir verbrachten eine super Woche mit viel Sport und Spass, aber auch Ausfl\u00fcge in die k\u00fchlende Badi oder in den Indoor-Kletterpark standen auf dem Programm. Herzlichen Dank an allen Sponsoren und G\u00f6nnern, die uns diese tollen Tage erm\u00f6glicht &hellip; Trainingslager weiterlesen\" \/>\n<meta property=\"og:url\" content=\"https:\/\/athletic-tigers.ch\/?page_id=235\" \/>\n<meta property=\"og:site_name\" content=\"Athletic Tigers Ostschweiz\" \/>\n<meta property=\"article:modified_time\" content=\"2025-02-09T16:19:51+00:00\" \/>\n<meta property=\"og:image\" content=\"https:\/\/athletic-tigers.ch\/wp-content\/uploads\/2024\/03\/image-7.png\" \/>\n<meta name=\"twitter:card\" content=\"summary_large_image\" \/>\n<meta name=\"twitter:label1\" content=\"Gesch\u00e4tzte Lesezeit\" \/>\n\t<meta name=\"twitter:data1\" content=\"1\u00a0Minute\" \/>\n<script type=\"application\/ld+json\" class=\"yoast-schema-graph\">{\"@context\":\"https:\/\/schema.org\",\"@graph\":[{\"@type\":\"WebPage\",\"@id\":\"https:\/\/athletic-tigers.ch\/?page_id=235\",\"url\":\"https:\/\/athletic-tigers.ch\/?page_id=235\",\"name\":\"Trainingslager - Athletic Tigers Ostschweiz\",\"isPartOf\":{\"@id\":\"https:\/\/athletic-tigers.ch\/#website\"},\"primaryImageOfPage\":{\"@id\":\"https:\/\/athletic-tigers.ch\/?page_id=235#primaryimage\"},\"image\":{\"@id\":\"https:\/\/athletic-tigers.ch\/?page_id=235#primaryimage\"},\"thumbnailUrl\":\"https:\/\/athletic-tigers.ch\/wp-content\/uploads\/2024\/03\/image-7.png\",\"datePublished\":\"2024-03-04T21:55:08+00:00\",\"dateModified\":\"2025-02-09T16:19:51+00:00\",\"breadcrumb\":{\"@id\":\"https:\/\/athletic-tigers.ch\/?page_id=235#breadcrumb\"},\"inLanguage\":\"de\",\"potentialAction\":[{\"@type\":\"ReadAction\",\"target\":[\"https:\/\/athletic-tigers.ch\/?page_id=235\"]}]},{\"@type\":\"ImageObject\",\"inLanguage\":\"de\",\"@id\":\"https:\/\/athletic-tigers.ch\/?page_id=235#primaryimage\",\"url\":\"https:\/\/athletic-tigers.ch\/wp-content\/uploads\/2024\/03\/image-7.png\",\"contentUrl\":\"https:\/\/athletic-tigers.ch\/wp-content\/uploads\/2024\/03\/image-7.png\",\"width\":626,\"height\":622},{\"@type\":\"BreadcrumbList\",\"@id\":\"https:\/\/athletic-tigers.ch\/?page_id=235#breadcrumb\",\"itemListElement\":[{\"@type\":\"ListItem\",\"position\":1,\"name\":\"Startseite\",\"item\":\"https:\/\/athletic-tigers.ch\/\"},{\"@type\":\"ListItem\",\"position\":2,\"name\":\"Trainingslager\"}]},{\"@type\":\"WebSite\",\"@id\":\"https:\/\/athletic-tigers.ch\/#website\",\"url\":\"https:\/\/athletic-tigers.ch\/\",\"name\":\"Athletic Tigers Ostschweiz\",\"description\":\"\",\"potentialAction\":[{\"@type\":\"SearchAction\",\"target\":{\"@type\":\"EntryPoint\",\"urlTemplate\":\"https:\/\/athletic-tigers.ch\/?s={search_term_string}\"},\"query-input\":\"required name=search_term_string\"}],\"inLanguage\":\"de\"}]}<\/script>\n<!-- \/ Yoast SEO plugin. -->","yoast_head_json":{"title":"Trainingslager - Athletic Tigers Ostschweiz","robots":{"index":"index","follow":"follow","max-snippet":"max-snippet:-1","max-image-preview":"max-image-preview:large","max-video-preview":"max-video-preview:-1"},"canonical":"https:\/\/athletic-tigers.ch\/?page_id=235","og_locale":"de_DE","og_type":"article","og_title":"Trainingslager - Athletic Tigers Ostschweiz","og_description":"Unsere letzten Trainingstage (-Lager) fanden in den Sommerferien 2023 in den Kantonen Thurgau und St. Gallen statt. Wir verbrachten eine super Woche mit viel Sport und Spass, aber auch Ausfl\u00fcge in die k\u00fchlende Badi oder in den Indoor-Kletterpark standen auf dem Programm. Herzlichen Dank an allen Sponsoren und G\u00f6nnern, die uns diese tollen Tage erm\u00f6glicht &hellip; Trainingslager weiterlesen","og_url":"https:\/\/athletic-tigers.ch\/?page_id=235","og_site_name":"Athletic Tigers Ostschweiz","article_modified_time":"2025-02-09T16:19:51+00:00","og_image":[{"url":"https:\/\/athletic-tigers.ch\/wp-content\/uploads\/2024\/03\/image-7.png"}],"twitter_card":"summary_large_image","twitter_misc":{"Gesch\u00e4tzte Lesezeit":"1\u00a0Minute"},"schema":{"@context":"https:\/\/schema.org","@graph":[{"@type":"WebPage","@id":"https:\/\/athletic-tigers.ch\/?page_id=235","url":"https:\/\/athletic-tigers.ch\/?page_id=235","name":"Trainingslager - Athletic Tigers Ostschweiz","isPartOf":{"@id":"https:\/\/athletic-tigers.ch\/#website"},"primaryImageOfPage":{"@id":"https:\/\/athletic-tigers.ch\/?page_id=235#primaryimage"},"image":{"@id":"https:\/\/athletic-tigers.ch\/?page_id=235#primaryimage"},"thumbnailUrl":"https:\/\/athletic-tigers.ch\/wp-content\/uploads\/2024\/03\/image-7.png","datePublished":"2024-03-04T21:55:08+00:00","dateModified":"2025-02-09T16:19:51+00:00","breadcrumb":{"@id":"https:\/\/athletic-tigers.ch\/?page_id=235#breadcrumb"},"inLanguage":"de","potentialAction":[{"@type":"ReadAction","target":["https:\/\/athletic-tigers.ch\/?page_id=235"]}]},{"@type":"ImageObject","inLanguage":"de","@id":"https:\/\/athletic-tigers.ch\/?page_id=235#primaryimage","url":"https:\/\/athletic-tigers.ch\/wp-content\/uploads\/2024\/03\/image-7.png","contentUrl":"https:\/\/athletic-tigers.ch\/wp-content\/uploads\/2024\/03\/image-7.png","width":626,"height":622},{"@type":"BreadcrumbList","@id":"https:\/\/athletic-tigers.ch\/?page_id=235#breadcrumb","itemListElement":[{"@type":"ListItem","position":1,"name":"Startseite","item":"https:\/\/athletic-tigers.ch\/"},{"@type":"ListItem","position":2,"name":"Trainingslager"}]},{"@type":"WebSite","@id":"https:\/\/athletic-tigers.ch\/#website","url":"https:\/\/athletic-tigers.ch\/","name":"Athletic Tigers Ostschweiz","description":"","potentialAction":[{"@type":"SearchAction","target":{"@type":"EntryPoint","urlTemplate":"https:\/\/athletic-tigers.ch\/?s={search_term_string}"},"query-input":"required name=search_term_string"}],"inLanguage":"de"}]}},"_links":{"self":[{"href":"https:\/\/athletic-tigers.ch\/index.php?rest_route=\/wp\/v2\/pages\/235","targetHints":{"allow":["GET"]}}],"collection":[{"href":"https:\/\/athletic-tigers.ch\/index.php?rest_route=\/wp\/v2\/pages"}],"about":[{"href":"https:\/\/athletic-tigers.ch\/index.php?rest_route=\/wp\/v2\/types\/page"}],"author":[{"embeddable":true,"href":"https:\/\/athletic-tigers.ch\/index.php?rest_route=\/wp\/v2\/users\/1"}],"replies":[{"embeddable":true,"href":"https:\/\/athletic-tigers.ch\/index.php?rest_route=%2Fwp%2Fv2%2Fcomments&post=235"}],"version-history":[{"count":2,"href":"https:\/\/athletic-tigers.ch\/index.php?rest_route=\/wp\/v2\/pages\/235\/revisions"}],"predecessor-version":[{"id":586,"href":"https:\/\/athletic-tigers.ch\/index.php?rest_route=\/wp\/v2\/pages\/235\/revisions\/586"}],"wp:attachment":[{"href":"https:\/\/athletic-tigers.ch\/index.php?rest_route=%2Fwp%2Fv2%2Fmedia&parent=235"}],"curies":[{"name":"wp","href":"https:\/\/api.w.org\/{rel}","templated":true}]}}