{"id":53,"date":"2024-02-27T14:20:05","date_gmt":"2024-02-27T13:20:05","guid":{"rendered":"https:\/\/athletictigersostschweiz.wordpress.com\/?page_id=53"},"modified":"2024-09-10T14:55:33","modified_gmt":"2024-09-10T14:55:33","slug":"ueberuns","status":"publish","type":"page","link":"https:\/\/athletic-tigers.ch\/?page_id=53","title":{"rendered":"\u00dcber uns"},"content":{"rendered":"\t\t<div data-elementor-type=\"wp-page\" data-elementor-id=\"53\" class=\"elementor elementor-53\">\n\t\t\t\t<div class=\"elementor-element elementor-element-31b884c5 e-flex e-con-boxed e-con e-parent\" data-id=\"31b884c5\" data-element_type=\"container\">\n\t\t\t\t\t<div class=\"e-con-inner\">\n\t\t\t\t<div class=\"elementor-element elementor-element-8c7f451 elementor-widget elementor-widget-text-editor\" data-id=\"8c7f451\" data-element_type=\"widget\" data-widget_type=\"text-editor.default\">\n\t\t\t\t<div class=\"elementor-widget-container\">\n\t\t\t<style>\/*! elementor - v3.21.0 - 26-05-2024 *\/\n.elementor-widget-text-editor.elementor-drop-cap-view-stacked .elementor-drop-cap{background-color:#69727d;color:#fff}.elementor-widget-text-editor.elementor-drop-cap-view-framed .elementor-drop-cap{color:#69727d;border:3px solid;background-color:transparent}.elementor-widget-text-editor:not(.elementor-drop-cap-view-default) .elementor-drop-cap{margin-top:8px}.elementor-widget-text-editor:not(.elementor-drop-cap-view-default) .elementor-drop-cap-letter{width:1em;height:1em}.elementor-widget-text-editor .elementor-drop-cap{float:left;text-align:center;line-height:1;font-size:50px}.elementor-widget-text-editor .elementor-drop-cap-letter{display:inline-block}<\/style>\t\t\t\t<p><!-- wp:paragraph --><\/p>\n<p>Unser Verein besteht seit Juni 2023 und bietet fokussierte Leichtathletik-Spezialtrainings (in Kleingruppen, nur f\u00fcr Mitglieder), Trainingslager\/Trainingstage (f\u00fcr Mitglieder und auch Nichtmitglieder\/G\u00e4ste) sowie die Teilnahme an wenigen ausgew\u00e4hlten&nbsp;<a href=\"https:\/\/athletic-tigers.ch\/?page_id=128\" target=\"_blank\" rel=\"noopener\">Wettk\u00e4mpfen<\/a>&nbsp;an. Die Idee des Vereins ist es, dass sich die M\u00e4dchen ausserhalb der regul\u00e4ren Einzelwettk\u00e4mpfe kennenlernen und so zu Freundinnen werden. Darum starten bei uns teils j\u00fcngere Athletinnen (U10) auch beim \u00e4lteren Jahrgang (U12).&nbsp;&nbsp;<span style=\"color: var( --e-global-color-text ); font-family: var( --e-global-typography-text-font-family ), Sans-serif; font-weight: var( --e-global-typography-text-font-weight ); text-align: var(--text-align);\">Dar\u00fcber hinaus soll die Leichtathletik vereins\u00fcbergreifend gef\u00f6rdert werden.&nbsp;<\/span><span style=\"color: var( --e-global-color-text ); font-family: var( --e-global-typography-text-font-family ), Sans-serif; font-weight: var( --e-global-typography-text-font-weight ); text-align: var(--text-align);\">Die Teams werden prim\u00e4r durch bereits bestehende<br>Freundschaften und Bekanntschaften der Kinder gebildet. Dies entspricht dem<br>Wunsch unserer Athletinnen. An aller erster Stelle steht bei uns der<br>Teamzusammenhalt. Stimmt dieser, sind auch sehr gute Leistungen m\u00f6glich.<\/span><\/p>\n<p><\/p>\n<p><!-- \/wp:paragraph --><\/p>\n<p><!-- wp:paragraph --><\/p>\n<p>Wir sind hochmotivierte M\u00e4dchen im Alter zwischen 8-12 Jahren. Teamgeist, Freundschaft, Spiel und vereins- und sparten\u00fcbergreifendes Networking stehen bei uns im Vordergrund. Da wir nur eine Erg\u00e4nzung zum bestehenden Vereinsangebot sind, hat Athletic Tigers Ostschweiz keine eigenen Lizenzen und m\u00f6chte dies auch nicht.<\/p>\n<p><!-- \/wp:paragraph --><\/p>\n<p><!-- wp:paragraph --><\/p>\n<p><strong>Wie kann man Mitglied werden?<\/strong> Wir sind bereits voll mit leichtathletikbegeisterten Athletinnen und suchen deshalb keine neuen Mitglieder.<\/p>\n<p><!-- \/wp:paragraph --><\/p>\n<p><!-- wp:paragraph --><\/p>\n<p><strong>Was hat der Verein Athletic Tigers mit dem St\u00fctzpunkttraining von Ostschweiz Athletics zu tun?<\/strong>&nbsp;Nichts. Aber manche unserer Trainer trainieren sowohl die Athleten des St\u00fctzpunkttrainings als auch die Athleten unseres Vereins.&nbsp;<\/p>\n<p><!-- \/wp:paragraph --><\/p>\n<p><!-- wp:image {\"id\":310,\"sizeSlug\":\"full\",\"linkDestination\":\"none\"} --><\/p>\n<figure><img decoding=\"async\" src=\"https:\/\/athletic-tigers.ch\/wp-content\/uploads\/2024\/03\/image-8.png\" alt=\"\"><\/figure>\n<p><!-- \/wp:image --><\/p>\t\t\t\t\t\t<\/div>\n\t\t\t\t<\/div>\n\t\t\t\t\t<\/div>\n\t\t\t\t<\/div>\n\t\t\t\t<\/div>\n\t\t","protected":false},"excerpt":{"rendered":"<p>Unser Verein besteht seit Juni 2023 und bietet fokussierte Leichtathletik-Spezialtrainings (in Kleingruppen, nur f\u00fcr Mitglieder), Trainingslager\/Trainingstage (f\u00fcr Mitglieder und auch Nichtmitglieder\/G\u00e4ste) sowie die Teilnahme an wenigen ausgew\u00e4hlten&nbsp;Wettk\u00e4mpfen&nbsp;an. Die Idee des Vereins ist es, dass sich die M\u00e4dchen ausserhalb der regul\u00e4ren Einzelwettk\u00e4mpfe kennenlernen und so zu Freundinnen werden. Darum starten bei uns teils j\u00fcngere Athletinnen (U10) &hellip; <a href=\"https:\/\/athletic-tigers.ch\/?page_id=53\" class=\"more-link\"><span class=\"screen-reader-text\">\u00dcber uns<\/span> weiterlesen<\/a><\/p>\n","protected":false},"author":1,"featured_media":0,"parent":0,"menu_order":0,"comment_status":"closed","ping_status":"open","template":"","meta":{"footnotes":""},"class_list":["post-53","page","type-page","status-publish","hentry","no-featured-image"],"yoast_head":"<!-- This site is optimized with the Yoast SEO plugin v22.7 - https:\/\/yoast.com\/wordpress\/plugins\/seo\/ -->\n<title>\u00dcber uns - Athletic Tigers Ostschweiz<\/title>\n<meta name=\"robots\" content=\"index, follow, max-snippet:-1, max-image-preview:large, max-video-preview:-1\" \/>\n<link rel=\"canonical\" href=\"https:\/\/athletic-tigers.ch\/?page_id=53\" \/>\n<meta property=\"og:locale\" content=\"de_DE\" \/>\n<meta property=\"og:type\" content=\"article\" \/>\n<meta property=\"og:title\" content=\"\u00dcber uns - Athletic Tigers Ostschweiz\" \/>\n<meta property=\"og:description\" content=\"Unser Verein besteht seit Juni 2023 und bietet fokussierte Leichtathletik-Spezialtrainings (in Kleingruppen, nur f\u00fcr Mitglieder), Trainingslager\/Trainingstage (f\u00fcr Mitglieder und auch Nichtmitglieder\/G\u00e4ste) sowie die Teilnahme an wenigen ausgew\u00e4hlten&nbsp;Wettk\u00e4mpfen&nbsp;an. Die Idee des Vereins ist es, dass sich die M\u00e4dchen ausserhalb der regul\u00e4ren Einzelwettk\u00e4mpfe kennenlernen und so zu Freundinnen werden. Darum starten bei uns teils j\u00fcngere Athletinnen (U10) &hellip; \u00dcber uns weiterlesen\" \/>\n<meta property=\"og:url\" content=\"https:\/\/athletic-tigers.ch\/?page_id=53\" \/>\n<meta property=\"og:site_name\" content=\"Athletic Tigers Ostschweiz\" \/>\n<meta property=\"article:modified_time\" content=\"2024-09-10T14:55:33+00:00\" \/>\n<meta property=\"og:image\" content=\"https:\/\/athletic-tigers.ch\/wp-content\/uploads\/2024\/03\/image-8.png\" \/>\n<meta name=\"twitter:card\" content=\"summary_large_image\" \/>\n<meta name=\"twitter:label1\" content=\"Gesch\u00e4tzte Lesezeit\" \/>\n\t<meta name=\"twitter:data1\" content=\"2\u00a0Minuten\" \/>\n<script type=\"application\/ld+json\" class=\"yoast-schema-graph\">{\"@context\":\"https:\/\/schema.org\",\"@graph\":[{\"@type\":\"WebPage\",\"@id\":\"https:\/\/athletic-tigers.ch\/?page_id=53\",\"url\":\"https:\/\/athletic-tigers.ch\/?page_id=53\",\"name\":\"\u00dcber uns - Athletic Tigers Ostschweiz\",\"isPartOf\":{\"@id\":\"https:\/\/athletic-tigers.ch\/#website\"},\"primaryImageOfPage\":{\"@id\":\"https:\/\/athletic-tigers.ch\/?page_id=53#primaryimage\"},\"image\":{\"@id\":\"https:\/\/athletic-tigers.ch\/?page_id=53#primaryimage\"},\"thumbnailUrl\":\"https:\/\/athletic-tigers.ch\/wp-content\/uploads\/2024\/03\/image-8.png\",\"datePublished\":\"2024-02-27T13:20:05+00:00\",\"dateModified\":\"2024-09-10T14:55:33+00:00\",\"breadcrumb\":{\"@id\":\"https:\/\/athletic-tigers.ch\/?page_id=53#breadcrumb\"},\"inLanguage\":\"de\",\"potentialAction\":[{\"@type\":\"ReadAction\",\"target\":[\"https:\/\/athletic-tigers.ch\/?page_id=53\"]}]},{\"@type\":\"ImageObject\",\"inLanguage\":\"de\",\"@id\":\"https:\/\/athletic-tigers.ch\/?page_id=53#primaryimage\",\"url\":\"https:\/\/athletic-tigers.ch\/wp-content\/uploads\/2024\/03\/image-8.png\",\"contentUrl\":\"https:\/\/athletic-tigers.ch\/wp-content\/uploads\/2024\/03\/image-8.png\",\"width\":390,\"height\":528},{\"@type\":\"BreadcrumbList\",\"@id\":\"https:\/\/athletic-tigers.ch\/?page_id=53#breadcrumb\",\"itemListElement\":[{\"@type\":\"ListItem\",\"position\":1,\"name\":\"Startseite\",\"item\":\"https:\/\/athletic-tigers.ch\/\"},{\"@type\":\"ListItem\",\"position\":2,\"name\":\"\u00dcber uns\"}]},{\"@type\":\"WebSite\",\"@id\":\"https:\/\/athletic-tigers.ch\/#website\",\"url\":\"https:\/\/athletic-tigers.ch\/\",\"name\":\"Athletic Tigers Ostschweiz\",\"description\":\"\",\"potentialAction\":[{\"@type\":\"SearchAction\",\"target\":{\"@type\":\"EntryPoint\",\"urlTemplate\":\"https:\/\/athletic-tigers.ch\/?s={search_term_string}\"},\"query-input\":\"required name=search_term_string\"}],\"inLanguage\":\"de\"}]}<\/script>\n<!-- \/ Yoast SEO plugin. -->","yoast_head_json":{"title":"\u00dcber uns - Athletic Tigers Ostschweiz","robots":{"index":"index","follow":"follow","max-snippet":"max-snippet:-1","max-image-preview":"max-image-preview:large","max-video-preview":"max-video-preview:-1"},"canonical":"https:\/\/athletic-tigers.ch\/?page_id=53","og_locale":"de_DE","og_type":"article","og_title":"\u00dcber uns - Athletic Tigers Ostschweiz","og_description":"Unser Verein besteht seit Juni 2023 und bietet fokussierte Leichtathletik-Spezialtrainings (in Kleingruppen, nur f\u00fcr Mitglieder), Trainingslager\/Trainingstage (f\u00fcr Mitglieder und auch Nichtmitglieder\/G\u00e4ste) sowie die Teilnahme an wenigen ausgew\u00e4hlten&nbsp;Wettk\u00e4mpfen&nbsp;an. Die Idee des Vereins ist es, dass sich die M\u00e4dchen ausserhalb der regul\u00e4ren Einzelwettk\u00e4mpfe kennenlernen und so zu Freundinnen werden. Darum starten bei uns teils j\u00fcngere Athletinnen (U10) &hellip; \u00dcber uns weiterlesen","og_url":"https:\/\/athletic-tigers.ch\/?page_id=53","og_site_name":"Athletic Tigers Ostschweiz","article_modified_time":"2024-09-10T14:55:33+00:00","og_image":[{"url":"https:\/\/athletic-tigers.ch\/wp-content\/uploads\/2024\/03\/image-8.png"}],"twitter_card":"summary_large_image","twitter_misc":{"Gesch\u00e4tzte Lesezeit":"2\u00a0Minuten"},"schema":{"@context":"https:\/\/schema.org","@graph":[{"@type":"WebPage","@id":"https:\/\/athletic-tigers.ch\/?page_id=53","url":"https:\/\/athletic-tigers.ch\/?page_id=53","name":"\u00dcber uns - Athletic Tigers Ostschweiz","isPartOf":{"@id":"https:\/\/athletic-tigers.ch\/#website"},"primaryImageOfPage":{"@id":"https:\/\/athletic-tigers.ch\/?page_id=53#primaryimage"},"image":{"@id":"https:\/\/athletic-tigers.ch\/?page_id=53#primaryimage"},"thumbnailUrl":"https:\/\/athletic-tigers.ch\/wp-content\/uploads\/2024\/03\/image-8.png","datePublished":"2024-02-27T13:20:05+00:00","dateModified":"2024-09-10T14:55:33+00:00","breadcrumb":{"@id":"https:\/\/athletic-tigers.ch\/?page_id=53#breadcrumb"},"inLanguage":"de","potentialAction":[{"@type":"ReadAction","target":["https:\/\/athletic-tigers.ch\/?page_id=53"]}]},{"@type":"ImageObject","inLanguage":"de","@id":"https:\/\/athletic-tigers.ch\/?page_id=53#primaryimage","url":"https:\/\/athletic-tigers.ch\/wp-content\/uploads\/2024\/03\/image-8.png","contentUrl":"https:\/\/athletic-tigers.ch\/wp-content\/uploads\/2024\/03\/image-8.png","width":390,"height":528},{"@type":"BreadcrumbList","@id":"https:\/\/athletic-tigers.ch\/?page_id=53#breadcrumb","itemListElement":[{"@type":"ListItem","position":1,"name":"Startseite","item":"https:\/\/athletic-tigers.ch\/"},{"@type":"ListItem","position":2,"name":"\u00dcber uns"}]},{"@type":"WebSite","@id":"https:\/\/athletic-tigers.ch\/#website","url":"https:\/\/athletic-tigers.ch\/","name":"Athletic Tigers Ostschweiz","description":"","potentialAction":[{"@type":"SearchAction","target":{"@type":"EntryPoint","urlTemplate":"https:\/\/athletic-tigers.ch\/?s={search_term_string}"},"query-input":"required name=search_term_string"}],"inLanguage":"de"}]}},"_links":{"self":[{"href":"https:\/\/athletic-tigers.ch\/index.php?rest_route=\/wp\/v2\/pages\/53","targetHints":{"allow":["GET"]}}],"collection":[{"href":"https:\/\/athletic-tigers.ch\/index.php?rest_route=\/wp\/v2\/pages"}],"about":[{"href":"https:\/\/athletic-tigers.ch\/index.php?rest_route=\/wp\/v2\/types\/page"}],"author":[{"embeddable":true,"href":"https:\/\/athletic-tigers.ch\/index.php?rest_route=\/wp\/v2\/users\/1"}],"replies":[{"embeddable":true,"href":"https:\/\/athletic-tigers.ch\/index.php?rest_route=%2Fwp%2Fv2%2Fcomments&post=53"}],"version-history":[{"count":40,"href":"https:\/\/athletic-tigers.ch\/index.php?rest_route=\/wp\/v2\/pages\/53\/revisions"}],"predecessor-version":[{"id":547,"href":"https:\/\/athletic-tigers.ch\/index.php?rest_route=\/wp\/v2\/pages\/53\/revisions\/547"}],"wp:attachment":[{"href":"https:\/\/athletic-tigers.ch\/index.php?rest_route=%2Fwp%2Fv2%2Fmedia&parent=53"}],"curies":[{"name":"wp","href":"https:\/\/api.w.org\/{rel}","templated":true}]}}