{"id":9,"date":"2024-02-27T12:15:54","date_gmt":"2024-02-27T12:15:54","guid":{"rendered":"http:\/\/athletictigersostschweiz.wordpress.com\/?page_id=1"},"modified":"2025-02-09T17:32:35","modified_gmt":"2025-02-09T17:32:35","slug":"goenner","status":"publish","type":"page","link":"https:\/\/athletic-tigers.ch\/?page_id=9","title":{"rendered":"G\u00f6nner"},"content":{"rendered":"Mit einer G\u00f6nner Mitgliedschaft unterst\u00fctzen Sie den Verein Athletic Tigers Ostschweiz. Dank Ihrer grossz\u00fcgigen Unterst\u00fctzung leisten wir uns Trainingsmaterial, Vereinsbekleidung und Turnhallenmiete. Die G\u00f6nner-Mitgliedschaft, Golden-G\u00f6nnermitgliedschaft sowie die Diamant-G\u00f6nnermitgliedschaft k\u00f6nnen von jeder nat\u00fcrlichen und juristischen Person erworben werden, welche die Bestrebungen des Vereins unterst\u00fctzen. Weitere Informationen finden Sie direkt auf unserer <a href=\"https:\/\/athletic-tigers.ch\/wp-content\/uploads\/2025\/02\/Goennervereinbarung_Athletic_Tigers.pdf\">G\u00f6nnervereinbarung <\/a><strong style=\"color: var( --e-global-color-text ); font-family: var( --e-global-typography-text-font-family ), Sans-serif; text-align: var(--text-align);\">\u00a0<\/strong>oder per E-Mail unter\u00a0<a style=\"font-family: var( --e-global-typography-text-font-family ), Sans-serif; font-weight: var( --e-global-typography-text-font-weight ); text-align: var(--text-align); background-color: #ffffff;\" href=\"mailto:athletic.tigers@gmx.ch\">athletic.tigers@gmx.ch<\/a>.\n\nGolden- und Diamantg\u00f6nner werden auf Wunsch auf dieser Website erw\u00e4hnt. Diese G\u00f6nner erhalten auf Wunsch auch gerne ein Tigers-Geschenk.\n\n<!-- \/wp:post-content --><!-- wp:paragraph -->\n\n<!-- \/wp:paragraph --><!-- wp:list -->\n<ul>\n \t<li style=\"list-style-type: none;\">\n<ul><!-- wp:list-item --><\/ul>\n<\/li>\n<\/ul>\n<ul>\n \t<li style=\"list-style-type: none;\">\n<ul>\n \t<li>G\u00f6nnermitglied \/ CHF 100.\u2013 pro Jahr<\/li>\n<\/ul>\n<\/li>\n<\/ul>\n<!-- \/wp:list-item --><!-- wp:list-item -->\n<ul>\n \t<li style=\"list-style-type: none;\">\n<ul>\n \t<li>Golden-G\u00f6nnermitglied \/ CHF 300.\u2013 pro Jahr<\/li>\n<\/ul>\n<\/li>\n<\/ul>\n<!-- \/wp:list-item --><!-- wp:list-item -->\n<ul>\n \t<li style=\"list-style-type: none;\">\n<ul>\n \t<li>Diamant-G\u00f6nnermitglied \/ CHF 600.\u2013 pro Jahr<\/li>\n<\/ul>\n<\/li>\n<\/ul>\n<!-- \/wp:list-item -->\n\n<!-- \/wp:list --><!-- wp:image {\"id\":197,\"width\":\"510px\",\"height\":\"auto\",\"sizeSlug\":\"large\",\"linkDestination\":\"none\"} -->\n<figure><img decoding=\"async\" style=\"width: 510px; height: auto;\" src=\"http:\/\/athletic-tigers.ch.sora.ch-meta.net\/wp-content\/uploads\/2024\/02\/bildschirmfoto-2024-02-28-um-09.58.41.png?w=712\" alt=\"\" \/><\/figure>\n<!-- \/wp:image --><!-- wp:gallery {\"linkTo\":\"none\"} -->\n<figure><\/figure>\n<!-- \/wp:gallery -->","protected":false},"excerpt":{"rendered":"<p>Mit einer G\u00f6nner Mitgliedschaft unterst\u00fctzen Sie den Verein Athletic Tigers Ostschweiz. Dank Ihrer grossz\u00fcgigen Unterst\u00fctzung leisten wir uns Trainingsmaterial, Vereinsbekleidung und Turnhallenmiete. Die G\u00f6nner-Mitgliedschaft, Golden-G\u00f6nnermitgliedschaft sowie die Diamant-G\u00f6nnermitgliedschaft k\u00f6nnen von jeder nat\u00fcrlichen und juristischen Person erworben werden, welche die Bestrebungen des Vereins unterst\u00fctzen. Weitere Informationen finden Sie direkt auf unserer G\u00f6nnervereinbarung \u00a0oder per E-Mail unter\u00a0athletic.tigers@gmx.ch. &hellip; <a href=\"https:\/\/athletic-tigers.ch\/?page_id=9\" class=\"more-link\"><span class=\"screen-reader-text\">G\u00f6nner<\/span> weiterlesen<\/a><\/p>\n","protected":false},"author":1,"featured_media":0,"parent":0,"menu_order":0,"comment_status":"closed","ping_status":"open","template":"","meta":{"footnotes":""},"class_list":["post-9","page","type-page","status-publish","hentry","no-featured-image"],"yoast_head":"<!-- This site is optimized with the Yoast SEO plugin v22.7 - https:\/\/yoast.com\/wordpress\/plugins\/seo\/ -->\n<title>G\u00f6nner - Athletic Tigers Ostschweiz<\/title>\n<meta name=\"description\" content=\"Leichtathletik Nachwuchs unterst\u00fctzen, G\u00f6nner Mitgliedschaft, Golden G\u00f6nner Mitgliedschaft, Diamant G\u00f6nnermitglied, Unterst\u00fctzung Sport\" \/>\n<meta name=\"robots\" content=\"index, follow, max-snippet:-1, max-image-preview:large, max-video-preview:-1\" \/>\n<link rel=\"canonical\" href=\"https:\/\/athletic-tigers.ch\/?page_id=9\" \/>\n<meta property=\"og:locale\" content=\"de_DE\" \/>\n<meta property=\"og:type\" content=\"article\" \/>\n<meta property=\"og:title\" content=\"G\u00f6nner - Athletic Tigers Ostschweiz\" \/>\n<meta property=\"og:description\" content=\"Leichtathletik Nachwuchs unterst\u00fctzen, G\u00f6nner Mitgliedschaft, Golden G\u00f6nner Mitgliedschaft, Diamant G\u00f6nnermitglied, Unterst\u00fctzung Sport\" \/>\n<meta property=\"og:url\" content=\"https:\/\/athletic-tigers.ch\/?page_id=9\" \/>\n<meta property=\"og:site_name\" content=\"Athletic Tigers Ostschweiz\" \/>\n<meta property=\"article:modified_time\" content=\"2025-02-09T17:32:35+00:00\" \/>\n<meta property=\"og:image\" content=\"http:\/\/athletic-tigers.ch.sora.ch-meta.net\/wp-content\/uploads\/2024\/02\/bildschirmfoto-2024-02-28-um-09.58.41.png?w=712\" \/>\n<meta name=\"twitter:card\" content=\"summary_large_image\" \/>\n<meta name=\"twitter:label1\" content=\"Gesch\u00e4tzte Lesezeit\" \/>\n\t<meta name=\"twitter:data1\" content=\"1\u00a0Minute\" \/>\n<script type=\"application\/ld+json\" class=\"yoast-schema-graph\">{\"@context\":\"https:\/\/schema.org\",\"@graph\":[{\"@type\":\"WebPage\",\"@id\":\"https:\/\/athletic-tigers.ch\/?page_id=9\",\"url\":\"https:\/\/athletic-tigers.ch\/?page_id=9\",\"name\":\"G\u00f6nner - Athletic Tigers Ostschweiz\",\"isPartOf\":{\"@id\":\"https:\/\/athletic-tigers.ch\/#website\"},\"primaryImageOfPage\":{\"@id\":\"https:\/\/athletic-tigers.ch\/?page_id=9#primaryimage\"},\"image\":{\"@id\":\"https:\/\/athletic-tigers.ch\/?page_id=9#primaryimage\"},\"thumbnailUrl\":\"http:\/\/athletic-tigers.ch.sora.ch-meta.net\/wp-content\/uploads\/2024\/02\/bildschirmfoto-2024-02-28-um-09.58.41.png?w=712\",\"datePublished\":\"2024-02-27T12:15:54+00:00\",\"dateModified\":\"2025-02-09T17:32:35+00:00\",\"description\":\"Leichtathletik Nachwuchs unterst\u00fctzen, G\u00f6nner Mitgliedschaft, Golden G\u00f6nner Mitgliedschaft, Diamant G\u00f6nnermitglied, Unterst\u00fctzung Sport\",\"breadcrumb\":{\"@id\":\"https:\/\/athletic-tigers.ch\/?page_id=9#breadcrumb\"},\"inLanguage\":\"de\",\"potentialAction\":[{\"@type\":\"ReadAction\",\"target\":[\"https:\/\/athletic-tigers.ch\/?page_id=9\"]}]},{\"@type\":\"ImageObject\",\"inLanguage\":\"de\",\"@id\":\"https:\/\/athletic-tigers.ch\/?page_id=9#primaryimage\",\"url\":\"http:\/\/athletic-tigers.ch.sora.ch-meta.net\/wp-content\/uploads\/2024\/02\/bildschirmfoto-2024-02-28-um-09.58.41.png?w=712\",\"contentUrl\":\"http:\/\/athletic-tigers.ch.sora.ch-meta.net\/wp-content\/uploads\/2024\/02\/bildschirmfoto-2024-02-28-um-09.58.41.png?w=712\"},{\"@type\":\"BreadcrumbList\",\"@id\":\"https:\/\/athletic-tigers.ch\/?page_id=9#breadcrumb\",\"itemListElement\":[{\"@type\":\"ListItem\",\"position\":1,\"name\":\"Startseite\",\"item\":\"https:\/\/athletic-tigers.ch\/\"},{\"@type\":\"ListItem\",\"position\":2,\"name\":\"G\u00f6nner\"}]},{\"@type\":\"WebSite\",\"@id\":\"https:\/\/athletic-tigers.ch\/#website\",\"url\":\"https:\/\/athletic-tigers.ch\/\",\"name\":\"Athletic Tigers Ostschweiz\",\"description\":\"\",\"potentialAction\":[{\"@type\":\"SearchAction\",\"target\":{\"@type\":\"EntryPoint\",\"urlTemplate\":\"https:\/\/athletic-tigers.ch\/?s={search_term_string}\"},\"query-input\":\"required name=search_term_string\"}],\"inLanguage\":\"de\"}]}<\/script>\n<!-- \/ Yoast SEO plugin. -->","yoast_head_json":{"title":"G\u00f6nner - Athletic Tigers Ostschweiz","description":"Leichtathletik Nachwuchs unterst\u00fctzen, G\u00f6nner Mitgliedschaft, Golden G\u00f6nner Mitgliedschaft, Diamant G\u00f6nnermitglied, Unterst\u00fctzung Sport","robots":{"index":"index","follow":"follow","max-snippet":"max-snippet:-1","max-image-preview":"max-image-preview:large","max-video-preview":"max-video-preview:-1"},"canonical":"https:\/\/athletic-tigers.ch\/?page_id=9","og_locale":"de_DE","og_type":"article","og_title":"G\u00f6nner - Athletic Tigers Ostschweiz","og_description":"Leichtathletik Nachwuchs unterst\u00fctzen, G\u00f6nner Mitgliedschaft, Golden G\u00f6nner Mitgliedschaft, Diamant G\u00f6nnermitglied, Unterst\u00fctzung Sport","og_url":"https:\/\/athletic-tigers.ch\/?page_id=9","og_site_name":"Athletic Tigers Ostschweiz","article_modified_time":"2025-02-09T17:32:35+00:00","og_image":[{"url":"http:\/\/athletic-tigers.ch.sora.ch-meta.net\/wp-content\/uploads\/2024\/02\/bildschirmfoto-2024-02-28-um-09.58.41.png?w=712"}],"twitter_card":"summary_large_image","twitter_misc":{"Gesch\u00e4tzte Lesezeit":"1\u00a0Minute"},"schema":{"@context":"https:\/\/schema.org","@graph":[{"@type":"WebPage","@id":"https:\/\/athletic-tigers.ch\/?page_id=9","url":"https:\/\/athletic-tigers.ch\/?page_id=9","name":"G\u00f6nner - Athletic Tigers Ostschweiz","isPartOf":{"@id":"https:\/\/athletic-tigers.ch\/#website"},"primaryImageOfPage":{"@id":"https:\/\/athletic-tigers.ch\/?page_id=9#primaryimage"},"image":{"@id":"https:\/\/athletic-tigers.ch\/?page_id=9#primaryimage"},"thumbnailUrl":"http:\/\/athletic-tigers.ch.sora.ch-meta.net\/wp-content\/uploads\/2024\/02\/bildschirmfoto-2024-02-28-um-09.58.41.png?w=712","datePublished":"2024-02-27T12:15:54+00:00","dateModified":"2025-02-09T17:32:35+00:00","description":"Leichtathletik Nachwuchs unterst\u00fctzen, G\u00f6nner Mitgliedschaft, Golden G\u00f6nner Mitgliedschaft, Diamant G\u00f6nnermitglied, Unterst\u00fctzung Sport","breadcrumb":{"@id":"https:\/\/athletic-tigers.ch\/?page_id=9#breadcrumb"},"inLanguage":"de","potentialAction":[{"@type":"ReadAction","target":["https:\/\/athletic-tigers.ch\/?page_id=9"]}]},{"@type":"ImageObject","inLanguage":"de","@id":"https:\/\/athletic-tigers.ch\/?page_id=9#primaryimage","url":"http:\/\/athletic-tigers.ch.sora.ch-meta.net\/wp-content\/uploads\/2024\/02\/bildschirmfoto-2024-02-28-um-09.58.41.png?w=712","contentUrl":"http:\/\/athletic-tigers.ch.sora.ch-meta.net\/wp-content\/uploads\/2024\/02\/bildschirmfoto-2024-02-28-um-09.58.41.png?w=712"},{"@type":"BreadcrumbList","@id":"https:\/\/athletic-tigers.ch\/?page_id=9#breadcrumb","itemListElement":[{"@type":"ListItem","position":1,"name":"Startseite","item":"https:\/\/athletic-tigers.ch\/"},{"@type":"ListItem","position":2,"name":"G\u00f6nner"}]},{"@type":"WebSite","@id":"https:\/\/athletic-tigers.ch\/#website","url":"https:\/\/athletic-tigers.ch\/","name":"Athletic Tigers Ostschweiz","description":"","potentialAction":[{"@type":"SearchAction","target":{"@type":"EntryPoint","urlTemplate":"https:\/\/athletic-tigers.ch\/?s={search_term_string}"},"query-input":"required name=search_term_string"}],"inLanguage":"de"}]}},"_links":{"self":[{"href":"https:\/\/athletic-tigers.ch\/index.php?rest_route=\/wp\/v2\/pages\/9","targetHints":{"allow":["GET"]}}],"collection":[{"href":"https:\/\/athletic-tigers.ch\/index.php?rest_route=\/wp\/v2\/pages"}],"about":[{"href":"https:\/\/athletic-tigers.ch\/index.php?rest_route=\/wp\/v2\/types\/page"}],"author":[{"embeddable":true,"href":"https:\/\/athletic-tigers.ch\/index.php?rest_route=\/wp\/v2\/users\/1"}],"replies":[{"embeddable":true,"href":"https:\/\/athletic-tigers.ch\/index.php?rest_route=%2Fwp%2Fv2%2Fcomments&post=9"}],"version-history":[{"count":27,"href":"https:\/\/athletic-tigers.ch\/index.php?rest_route=\/wp\/v2\/pages\/9\/revisions"}],"predecessor-version":[{"id":609,"href":"https:\/\/athletic-tigers.ch\/index.php?rest_route=\/wp\/v2\/pages\/9\/revisions\/609"}],"wp:attachment":[{"href":"https:\/\/athletic-tigers.ch\/index.php?rest_route=%2Fwp%2Fv2%2Fmedia&parent=9"}],"curies":[{"name":"wp","href":"https:\/\/api.w.org\/{rel}","templated":true}]}}